{"id":1055,"date":"2024-05-02T20:15:34","date_gmt":"2024-05-02T20:15:34","guid":{"rendered":"https:\/\/tyknit.com\/?page_id=1055"},"modified":"2025-06-21T02:29:55","modified_gmt":"2025-06-21T02:29:55","slug":"sobre","status":"publish","type":"page","link":"https:\/\/www.tyknit.com\/pt\/sobre\/","title":{"rendered":"Sobre N\u00f3s"},"content":{"rendered":"<div class=\"fusion-fullwidth fullwidth-box fusion-builder-row-1 fusion-flex-container has-pattern-background has-mask-background nonhundred-percent-fullwidth non-hundred-percent-height-scrolling\" style=\"--awb-background-position:left top;--awb-background-repeat:repeat-y;--awb-border-color:var(--awb-custom_color_1);--awb-border-radius-top-left:0px;--awb-border-radius-top-right:0px;--awb-border-radius-bottom-right:0px;--awb-border-radius-bottom-left:0px;--awb-padding-top:80px;--awb-padding-bottom:60px;--awb-padding-top-small:50px;--awb-padding-right-small:15px;--awb-padding-bottom-small:0px;--awb-padding-left-small:15px;--awb-margin-bottom-small:0px;--awb-flex-wrap:wrap;\" ><div class=\"fusion-builder-row fusion-row fusion-flex-align-items-flex-start fusion-flex-content-wrap\" style=\"max-width:1248px;margin-left: calc(-4% \/ 2 );margin-right: calc(-4% \/ 2 );\"><div class=\"fusion-layout-column fusion_builder_column fusion-builder-column-0 fusion_builder_column_2_3 2_3 fusion-flex-column\" style=\"--awb-bg-size:cover;--awb-width-large:66.666666666667%;--awb-spacing-right-large:2.88%;--awb-margin-bottom-large:0px;--awb-spacing-left-large:2.88%;--awb-width-medium:80%;--awb-order-medium:0;--awb-spacing-right-medium:2.4%;--awb-margin-bottom-medium:40px;--awb-spacing-left-medium:2.4%;--awb-width-small:100%;--awb-order-small:0;--awb-spacing-right-small:1.92%;--awb-margin-bottom-small:0px;--awb-spacing-left-small:1.92%;\"><div class=\"fusion-column-wrapper fusion-column-has-shadow fusion-flex-justify-content-flex-start fusion-content-layout-column\"><div class=\"fusion-title title fusion-title-1 fusion-sep-none fusion-title-text fusion-title-size-one\" style=\"--awb-margin-bottom:30px;--awb-margin-bottom-small:30px;--awb-font-size:var(--awb-custom_typography_1-font-size);\"><h1 class=\"fusion-title-heading title-heading-left fusion-responsive-typography-calculated\" style=\"font-family:var(--awb-custom_typography_1-font-family);font-weight:var(--awb-custom_typography_1-font-weight);font-style:var(--awb-custom_typography_1-font-style);margin:0;letter-spacing:var(--awb-custom_typography_1-letter-spacing);text-transform:var(--awb-custom_typography_1-text-transform);font-size:1em;--fontSize:40;line-height:var(--awb-custom_typography_1-line-height);\">Sobre N\u00f3s<\/h1><\/div><div class=\"fusion-title title fusion-title-2 fusion-sep-none fusion-title-text fusion-title-size-three\" style=\"--awb-margin-bottom-small:0px;\"><h3 class=\"fusion-title-heading title-heading-left fusion-responsive-typography-calculated\" style=\"margin:0;text-transform:var(--awb-typography1-text-transform);--fontSize:40;line-height:1.4;\">Fornecemos Fibra De Poli\u00e9ster E Tecido De Malha Circular Desde 2002<\/h3><\/div><div class=\"fusion-separator\" style=\"align-self: flex-start;margin-right:auto;margin-top:20px;margin-bottom:20px;width:100%;max-width:220px;\"><div class=\"fusion-separator-border sep-single sep-solid\" style=\"--awb-height:20px;--awb-amount:20px;--awb-sep-color:hsla(var(--awb-custom_color_1-h),var(--awb-custom_color_1-s),calc(var(--awb-custom_color_1-l) - 10%),var(--awb-custom_color_1-a));border-color:hsla(var(--awb-custom_color_1-h),var(--awb-custom_color_1-s),calc(var(--awb-custom_color_1-l) - 10%),var(--awb-custom_color_1-a));border-top-width:8px;\"><\/div><\/div><\/div><\/div><div class=\"fusion-layout-column fusion_builder_column fusion-builder-column-1 fusion-flex-column fusion-flex-align-self-center\" style=\"--awb-bg-size:cover;--awb-width-large:44%;--awb-spacing-right-large:4.3636363636364%;--awb-margin-bottom-large:0px;--awb-spacing-left-large:4.3636363636364%;--awb-width-medium:44%;--awb-order-medium:0;--awb-spacing-right-medium:4.3636363636364%;--awb-spacing-left-medium:4.3636363636364%;--awb-width-small:100%;--awb-order-small:0;--awb-spacing-right-small:1.92%;--awb-margin-bottom-small:40px;--awb-spacing-left-small:1.92%;\"><div class=\"fusion-column-wrapper fusion-column-has-shadow fusion-flex-justify-content-flex-start fusion-content-layout-column\"><div class=\"fusion-text fusion-text-1 fusion-text-no-margin\" style=\"--awb-font-size:var(--awb-typography4-font-size);--awb-line-height:var(--awb-typography4-line-height);--awb-letter-spacing:var(--awb-typography4-letter-spacing);--awb-margin-bottom:2px;--awb-text-font-family:var(--awb-typography4-font-family);--awb-text-font-weight:var(--awb-typography4-font-weight);--awb-text-font-style:var(--awb-typography4-font-style);\"><p>Somos Uma F\u00e1brica Familiar Que Come\u00e7ou Com O Processamento De Fios De Poli\u00e9ster Texturizados.<\/p>\n<p>Nossos produtos especializados s\u00e3o fios de poli\u00e9ster, como 75D36F, 75D72F, 100D36F, 100D72F, 150D48F, 150D96F, 150D144F, e tecidos de malha feitos de fios de poli\u00e9ster, como tecido helanca, tecido piquet, tecido malha<\/p>\n<\/div><div class=\"fusion-title title fusion-title-3 fusion-sep-none fusion-title-text fusion-title-size-div\" style=\"--awb-text-color:var(--awb-color5);--awb-font-size:90px;\"><div class=\"fusion-title-heading title-heading-left title-heading-tag fusion-responsive-typography-calculated\" style=\"font-family:var(--awb-typography1-font-family);font-weight:var(--awb-typography1-font-weight);font-style:var(--awb-typography1-font-style);margin:0;letter-spacing:var(--awb-typography1-letter-spacing);text-transform:var(--awb-typography1-text-transform);font-size:1em;--fontSize:90;line-height:var(--awb-typography1-line-height);\">23+<\/div><\/div><div class=\"fusion-text fusion-text-2 fusion-text-no-margin\" style=\"--awb-margin-bottom:0px;\"><p>Anos de experi\u00eancia em fabrica\u00e7\u00e3o de fibras e tecidos<\/p>\n<\/div><\/div><\/div><div class=\"fusion-layout-column fusion_builder_column fusion-builder-column-2 fusion-flex-column fusion-no-small-visibility\" style=\"--awb-padding-bottom-small:0px;--awb-bg-size:cover;--awb-width-large:55%;--awb-spacing-right-large:0px;--awb-margin-bottom-large:0px;--awb-spacing-left-large:0px;--awb-width-medium:55%;--awb-order-medium:0;--awb-spacing-right-medium:0px;--awb-spacing-left-medium:0px;--awb-width-small:100%;--awb-order-small:0;--awb-spacing-right-small:1.92%;--awb-margin-bottom-small:0px;--awb-spacing-left-small:1.92%;\"><div class=\"fusion-column-wrapper fusion-column-has-shadow fusion-flex-justify-content-flex-start fusion-content-layout-column\"><div class=\"fusion-image-carousel fusion-image-carousel-auto fusion-image-carousel-1\"><div class=\"awb-carousel awb-swiper awb-swiper-carousel awb-carousel--carousel awb-swiper-dots-position-bottom\" data-layout=\"carousel\" data-autoplay=\"no\" data-autoplayspeed=\"2500\" data-autoplaypause=\"no\" data-columns=\"2.0\" data-columnsmedium=\"1\" data-columnssmall=\"1\" data-itemmargin=\"13\" data-itemwidth=\"180\" data-touchscroll=\"no\" data-freemode=\"no\" data-imagesize=\"auto\" data-scrollitems=\"0\" data-centeredslides=\"no\" data-rotationangle=\"50\" data-depth=\"100\" data-speed=\"500\" data-shadow=\"no\" data-pagination=\"bullets\" style=\"--awb-columns:2.0;--awb-arrow-size:25px;--awb-arrow-box-width:30px;--awb-arrow-box-height:30px;--awb-arrow-bgcolor:var(--awb-color5);--awb-dots-align:center;\"><div class=\"swiper-wrapper awb-image-carousel-wrapper fusion-flex-align-items-center\"><div class=\"swiper-slide\"><div class=\"fusion-carousel-item-wrapper\"><div class=\"fusion-image-wrapper hover-type-none\"><img decoding=\"async\" width=\"400\" height=\"400\" src=\"https:\/\/www.tyknit.com\/wp-content\/uploads\/2025\/06\/polyester-fiber-manufacturer-1.webp\" class=\"attachment-full size-full lazyload\" alt=\"\" srcset=\"data:image\/svg+xml,%3Csvg%20xmlns%3D%27http%3A%2F%2Fwww.w3.org%2F2000%2Fsvg%27%20width%3D%27400%27%20height%3D%27400%27%20viewBox%3D%270%200%20400%20400%27%3E%3Crect%20width%3D%27400%27%20height%3D%27400%27%20fill-opacity%3D%220%22%2F%3E%3C%2Fsvg%3E\" data-orig-src=\"https:\/\/www.tyknit.com\/wp-content\/uploads\/2025\/06\/polyester-fiber-manufacturer-1.webp\" data-srcset=\"https:\/\/www.tyknit.com\/wp-content\/uploads\/2025\/06\/polyester-fiber-manufacturer-1-200x200.webp 200w, https:\/\/www.tyknit.com\/wp-content\/uploads\/2025\/06\/polyester-fiber-manufacturer-1.webp 400w\" data-sizes=\"auto\" \/><\/div><\/div><\/div><div class=\"swiper-slide\"><div class=\"fusion-carousel-item-wrapper\"><div class=\"fusion-image-wrapper hover-type-none\"><img decoding=\"async\" width=\"400\" height=\"400\" src=\"https:\/\/www.tyknit.com\/wp-content\/uploads\/2025\/06\/knitted-fabric-supplier.webp\" class=\"attachment-full size-full lazyload\" alt=\"knitted fabric supplier\" srcset=\"data:image\/svg+xml,%3Csvg%20xmlns%3D%27http%3A%2F%2Fwww.w3.org%2F2000%2Fsvg%27%20width%3D%27400%27%20height%3D%27400%27%20viewBox%3D%270%200%20400%20400%27%3E%3Crect%20width%3D%27400%27%20height%3D%27400%27%20fill-opacity%3D%220%22%2F%3E%3C%2Fsvg%3E\" data-orig-src=\"https:\/\/www.tyknit.com\/wp-content\/uploads\/2025\/06\/knitted-fabric-supplier.webp\" data-srcset=\"https:\/\/www.tyknit.com\/wp-content\/uploads\/2025\/06\/knitted-fabric-supplier-200x200.webp 200w, https:\/\/www.tyknit.com\/wp-content\/uploads\/2025\/06\/knitted-fabric-supplier.webp 400w\" data-sizes=\"auto\" \/><\/div><\/div><\/div><div class=\"swiper-slide\"><div class=\"fusion-carousel-item-wrapper\"><div class=\"fusion-image-wrapper hover-type-none\"><img decoding=\"async\" width=\"400\" height=\"400\" src=\"https:\/\/www.tyknit.com\/wp-content\/uploads\/2025\/06\/knitted-fabric-factory.webp\" class=\"attachment-full size-full lazyload\" alt=\"\" srcset=\"data:image\/svg+xml,%3Csvg%20xmlns%3D%27http%3A%2F%2Fwww.w3.org%2F2000%2Fsvg%27%20width%3D%27400%27%20height%3D%27400%27%20viewBox%3D%270%200%20400%20400%27%3E%3Crect%20width%3D%27400%27%20height%3D%27400%27%20fill-opacity%3D%220%22%2F%3E%3C%2Fsvg%3E\" data-orig-src=\"https:\/\/www.tyknit.com\/wp-content\/uploads\/2025\/06\/knitted-fabric-factory.webp\" data-srcset=\"https:\/\/www.tyknit.com\/wp-content\/uploads\/2025\/06\/knitted-fabric-factory-200x200.webp 200w, https:\/\/www.tyknit.com\/wp-content\/uploads\/2025\/06\/knitted-fabric-factory.webp 400w\" data-sizes=\"auto\" \/><\/div><\/div><\/div><div class=\"swiper-slide\"><div class=\"fusion-carousel-item-wrapper\"><div class=\"fusion-image-wrapper hover-type-none\"><img decoding=\"async\" width=\"400\" height=\"400\" src=\"https:\/\/www.tyknit.com\/wp-content\/uploads\/2025\/06\/knitted-fabric-manufacturer-3.webp\" class=\"attachment-full size-full lazyload\" alt=\"knitted fabric manufacturer\" srcset=\"data:image\/svg+xml,%3Csvg%20xmlns%3D%27http%3A%2F%2Fwww.w3.org%2F2000%2Fsvg%27%20width%3D%27400%27%20height%3D%27400%27%20viewBox%3D%270%200%20400%20400%27%3E%3Crect%20width%3D%27400%27%20height%3D%27400%27%20fill-opacity%3D%220%22%2F%3E%3C%2Fsvg%3E\" data-orig-src=\"https:\/\/www.tyknit.com\/wp-content\/uploads\/2025\/06\/knitted-fabric-manufacturer-3.webp\" data-srcset=\"https:\/\/www.tyknit.com\/wp-content\/uploads\/2025\/06\/knitted-fabric-manufacturer-3-200x200.webp 200w, https:\/\/www.tyknit.com\/wp-content\/uploads\/2025\/06\/knitted-fabric-manufacturer-3.webp 400w\" data-sizes=\"auto\" \/><\/div><\/div><\/div><\/div><div class=\"awb-swiper-button awb-swiper-button-prev\"><i class=\"awb-icon-angle-left\" aria-hidden=\"true\"><\/i><\/div><div class=\"awb-swiper-button awb-swiper-button-next\"><i class=\"awb-icon-angle-right\" aria-hidden=\"true\"><\/i><\/div><\/div><\/div><\/div><\/div><div class=\"fusion-layout-column fusion_builder_column fusion-builder-column-3 fusion-flex-column fusion-no-medium-visibility fusion-no-large-visibility\" style=\"--awb-padding-bottom-small:0px;--awb-bg-size:cover;--awb-width-large:55%;--awb-spacing-right-large:0px;--awb-margin-bottom-large:0px;--awb-spacing-left-large:0px;--awb-width-medium:55%;--awb-order-medium:0;--awb-spacing-right-medium:0px;--awb-spacing-left-medium:0px;--awb-width-small:100%;--awb-order-small:0;--awb-spacing-right-small:1.92%;--awb-margin-bottom-small:0px;--awb-spacing-left-small:1.92%;\"><div class=\"fusion-column-wrapper fusion-column-has-shadow fusion-flex-justify-content-flex-start fusion-content-layout-column\"><div class=\"fusion-image-carousel fusion-image-carousel-auto fusion-image-carousel-2\"><div class=\"awb-carousel awb-swiper awb-swiper-carousel awb-carousel--carousel awb-swiper-dots-position-bottom\" data-layout=\"carousel\" data-autoplay=\"no\" data-autoplayspeed=\"2500\" data-autoplaypause=\"no\" data-columns=\"1.0\" data-columnsmedium=\"1\" data-columnssmall=\"1\" data-itemmargin=\"13\" data-itemwidth=\"180\" data-touchscroll=\"drag\" data-freemode=\"no\" data-imagesize=\"auto\" data-scrollitems=\"0\" data-centeredslides=\"no\" data-rotationangle=\"50\" data-depth=\"100\" data-speed=\"500\" data-shadow=\"no\" data-pagination=\"bullets\" style=\"--awb-columns:1.0;--awb-arrow-size:40px;--awb-arrow-box-width:40px;--awb-arrow-box-height:40px;--awb-arrow-bgcolor:var(--awb-color5);--awb-dots-spacing:5px;--awb-dots-align:center;\"><div class=\"swiper-wrapper awb-image-carousel-wrapper fusion-flex-align-items-center\"><div class=\"swiper-slide\"><div class=\"fusion-carousel-item-wrapper\"><div class=\"fusion-image-wrapper hover-type-none\"><img decoding=\"async\" width=\"400\" height=\"400\" src=\"https:\/\/www.tyknit.com\/wp-content\/uploads\/2025\/06\/polyester-fiber-manufacturer-1.webp\" class=\"attachment-full size-full lazyload\" alt=\"\" srcset=\"data:image\/svg+xml,%3Csvg%20xmlns%3D%27http%3A%2F%2Fwww.w3.org%2F2000%2Fsvg%27%20width%3D%27400%27%20height%3D%27400%27%20viewBox%3D%270%200%20400%20400%27%3E%3Crect%20width%3D%27400%27%20height%3D%27400%27%20fill-opacity%3D%220%22%2F%3E%3C%2Fsvg%3E\" data-orig-src=\"https:\/\/www.tyknit.com\/wp-content\/uploads\/2025\/06\/polyester-fiber-manufacturer-1.webp\" data-srcset=\"https:\/\/www.tyknit.com\/wp-content\/uploads\/2025\/06\/polyester-fiber-manufacturer-1-12x12.webp 12w, https:\/\/www.tyknit.com\/wp-content\/uploads\/2025\/06\/polyester-fiber-manufacturer-1-66x66.webp 66w, https:\/\/www.tyknit.com\/wp-content\/uploads\/2025\/06\/polyester-fiber-manufacturer-1-150x150.webp 150w, https:\/\/www.tyknit.com\/wp-content\/uploads\/2025\/06\/polyester-fiber-manufacturer-1-200x200.webp 200w, https:\/\/www.tyknit.com\/wp-content\/uploads\/2025\/06\/polyester-fiber-manufacturer-1-300x300.webp 300w, https:\/\/www.tyknit.com\/wp-content\/uploads\/2025\/06\/polyester-fiber-manufacturer-1.webp 400w\" data-sizes=\"auto\" \/><\/div><\/div><\/div><div class=\"swiper-slide\"><div class=\"fusion-carousel-item-wrapper\"><div class=\"fusion-image-wrapper hover-type-none\"><img decoding=\"async\" width=\"400\" height=\"400\" src=\"https:\/\/www.tyknit.com\/wp-content\/uploads\/2025\/06\/knitted-fabric-supplier.webp\" class=\"attachment-full size-full lazyload\" alt=\"knitted fabric supplier\" srcset=\"data:image\/svg+xml,%3Csvg%20xmlns%3D%27http%3A%2F%2Fwww.w3.org%2F2000%2Fsvg%27%20width%3D%27400%27%20height%3D%27400%27%20viewBox%3D%270%200%20400%20400%27%3E%3Crect%20width%3D%27400%27%20height%3D%27400%27%20fill-opacity%3D%220%22%2F%3E%3C%2Fsvg%3E\" data-orig-src=\"https:\/\/www.tyknit.com\/wp-content\/uploads\/2025\/06\/knitted-fabric-supplier.webp\" data-srcset=\"https:\/\/www.tyknit.com\/wp-content\/uploads\/2025\/06\/knitted-fabric-supplier-12x12.webp 12w, https:\/\/www.tyknit.com\/wp-content\/uploads\/2025\/06\/knitted-fabric-supplier-66x66.webp 66w, https:\/\/www.tyknit.com\/wp-content\/uploads\/2025\/06\/knitted-fabric-supplier-150x150.webp 150w, https:\/\/www.tyknit.com\/wp-content\/uploads\/2025\/06\/knitted-fabric-supplier-200x200.webp 200w, https:\/\/www.tyknit.com\/wp-content\/uploads\/2025\/06\/knitted-fabric-supplier-300x300.webp 300w, https:\/\/www.tyknit.com\/wp-content\/uploads\/2025\/06\/knitted-fabric-supplier.webp 400w\" data-sizes=\"auto\" \/><\/div><\/div><\/div><div class=\"swiper-slide\"><div class=\"fusion-carousel-item-wrapper\"><div class=\"fusion-image-wrapper hover-type-none\"><img decoding=\"async\" width=\"400\" height=\"400\" src=\"https:\/\/www.tyknit.com\/wp-content\/uploads\/2025\/06\/knitted-fabric-factory.webp\" class=\"attachment-full size-full lazyload\" alt=\"\" srcset=\"data:image\/svg+xml,%3Csvg%20xmlns%3D%27http%3A%2F%2Fwww.w3.org%2F2000%2Fsvg%27%20width%3D%27400%27%20height%3D%27400%27%20viewBox%3D%270%200%20400%20400%27%3E%3Crect%20width%3D%27400%27%20height%3D%27400%27%20fill-opacity%3D%220%22%2F%3E%3C%2Fsvg%3E\" data-orig-src=\"https:\/\/www.tyknit.com\/wp-content\/uploads\/2025\/06\/knitted-fabric-factory.webp\" data-srcset=\"https:\/\/www.tyknit.com\/wp-content\/uploads\/2025\/06\/knitted-fabric-factory-12x12.webp 12w, https:\/\/www.tyknit.com\/wp-content\/uploads\/2025\/06\/knitted-fabric-factory-66x66.webp 66w, https:\/\/www.tyknit.com\/wp-content\/uploads\/2025\/06\/knitted-fabric-factory-150x150.webp 150w, https:\/\/www.tyknit.com\/wp-content\/uploads\/2025\/06\/knitted-fabric-factory-200x200.webp 200w, https:\/\/www.tyknit.com\/wp-content\/uploads\/2025\/06\/knitted-fabric-factory-300x300.webp 300w, https:\/\/www.tyknit.com\/wp-content\/uploads\/2025\/06\/knitted-fabric-factory.webp 400w\" data-sizes=\"auto\" \/><\/div><\/div><\/div><div class=\"swiper-slide\"><div class=\"fusion-carousel-item-wrapper\"><div class=\"fusion-image-wrapper hover-type-none\"><img decoding=\"async\" width=\"400\" height=\"400\" src=\"https:\/\/www.tyknit.com\/wp-content\/uploads\/2025\/06\/knitted-fabric-manufacturer-3.webp\" class=\"attachment-full size-full lazyload\" alt=\"knitted fabric manufacturer\" srcset=\"data:image\/svg+xml,%3Csvg%20xmlns%3D%27http%3A%2F%2Fwww.w3.org%2F2000%2Fsvg%27%20width%3D%27400%27%20height%3D%27400%27%20viewBox%3D%270%200%20400%20400%27%3E%3Crect%20width%3D%27400%27%20height%3D%27400%27%20fill-opacity%3D%220%22%2F%3E%3C%2Fsvg%3E\" data-orig-src=\"https:\/\/www.tyknit.com\/wp-content\/uploads\/2025\/06\/knitted-fabric-manufacturer-3.webp\" data-srcset=\"https:\/\/www.tyknit.com\/wp-content\/uploads\/2025\/06\/knitted-fabric-manufacturer-3-12x12.webp 12w, https:\/\/www.tyknit.com\/wp-content\/uploads\/2025\/06\/knitted-fabric-manufacturer-3-66x66.webp 66w, https:\/\/www.tyknit.com\/wp-content\/uploads\/2025\/06\/knitted-fabric-manufacturer-3-150x150.webp 150w, https:\/\/www.tyknit.com\/wp-content\/uploads\/2025\/06\/knitted-fabric-manufacturer-3-200x200.webp 200w, https:\/\/www.tyknit.com\/wp-content\/uploads\/2025\/06\/knitted-fabric-manufacturer-3-300x300.webp 300w, https:\/\/www.tyknit.com\/wp-content\/uploads\/2025\/06\/knitted-fabric-manufacturer-3.webp 400w\" data-sizes=\"auto\" \/><\/div><\/div><\/div><\/div><div class=\"swiper-pagination\"><\/div><div class=\"awb-swiper-button awb-swiper-button-prev\"><i class=\"awb-icon-angle-left\" aria-hidden=\"true\"><\/i><\/div><div class=\"awb-swiper-button awb-swiper-button-next\"><i class=\"awb-icon-angle-right\" aria-hidden=\"true\"><\/i><\/div><\/div><\/div><\/div><\/div><\/div><\/div>","protected":false},"excerpt":{"rendered":"","protected":false},"author":1,"featured_media":0,"parent":0,"menu_order":0,"comment_status":"closed","ping_status":"closed","template":"100-width.php","meta":{"footnotes":""},"class_list":["post-1055","page","type-page","status-publish","hentry"],"_links":{"self":[{"href":"https:\/\/www.tyknit.com\/pt\/wp-json\/wp\/v2\/pages\/1055","targetHints":{"allow":["GET"]}}],"collection":[{"href":"https:\/\/www.tyknit.com\/pt\/wp-json\/wp\/v2\/pages"}],"about":[{"href":"https:\/\/www.tyknit.com\/pt\/wp-json\/wp\/v2\/types\/page"}],"author":[{"embeddable":true,"href":"https:\/\/www.tyknit.com\/pt\/wp-json\/wp\/v2\/users\/1"}],"replies":[{"embeddable":true,"href":"https:\/\/www.tyknit.com\/pt\/wp-json\/wp\/v2\/comments?post=1055"}],"version-history":[{"count":2,"href":"https:\/\/www.tyknit.com\/pt\/wp-json\/wp\/v2\/pages\/1055\/revisions"}],"predecessor-version":[{"id":3105,"href":"https:\/\/www.tyknit.com\/pt\/wp-json\/wp\/v2\/pages\/1055\/revisions\/3105"}],"wp:attachment":[{"href":"https:\/\/www.tyknit.com\/pt\/wp-json\/wp\/v2\/media?parent=1055"}],"curies":[{"name":"wp","href":"https:\/\/api.w.org\/{rel}","templated":true}]}}